{"id":8035,"date":"2022-04-29T03:01:39","date_gmt":"2022-04-29T01:01:39","guid":{"rendered":"https:\/\/hotelarnold.ch\/zimmer\/"},"modified":"2025-02-03T17:04:44","modified_gmt":"2025-02-03T16:04:44","slug":"zimmer","status":"publish","type":"page","link":"https:\/\/hotelarnold.ch\/de\/zimmer\/","title":{"rendered":"Zimmer"},"content":{"rendered":"\t\t<div data-elementor-type=\"wp-page\" data-elementor-id=\"8035\" class=\"elementor elementor-8035 elementor-92\">\n\t\t\t\t\t\t\t\t\t<section class=\"elementor-section elementor-top-section elementor-element elementor-element-4008197 elementor-section-full_width elementor-section-height-default elementor-section-height-default\" data-id=\"4008197\" data-element_type=\"section\">\n\t\t\t\t\t\t<div class=\"elementor-container elementor-column-gap-no\">\n\t\t\t\t\t<div class=\"elementor-column elementor-col-100 elementor-top-column elementor-element elementor-element-ca23dc8\" data-id=\"ca23dc8\" data-element_type=\"column\">\n\t\t\t<div class=\"elementor-widget-wrap elementor-element-populated\">\n\t\t\t\t\t\t\t\t<div class=\"elementor-element elementor-element-341c70e elementor-widget elementor-widget-image\" data-id=\"341c70e\" data-element_type=\"widget\" data-widget_type=\"image.default\">\n\t\t\t\t<div class=\"elementor-widget-container\">\n\t\t\t<style>\/*! elementor - v3.9.1 - 14-12-2022 *\/\n.elementor-widget-image{text-align:center}.elementor-widget-image a{display:inline-block}.elementor-widget-image a img[src$=\".svg\"]{width:48px}.elementor-widget-image img{vertical-align:middle;display:inline-block}<\/style>\t\t\t\t\t\t\t\t\t\t\t\t<img decoding=\"async\" width=\"2000\" height=\"600\" src=\"https:\/\/hotelarnold.ch\/wp-content\/uploads\/sites\/6\/2025\/01\/Banner_chambres.jpg\" class=\"attachment-full size-full wp-image-8113\" alt=\"\" loading=\"lazy\" srcset=\"https:\/\/hotelarnold.ch\/wp-content\/uploads\/sites\/6\/2025\/01\/Banner_chambres.jpg 2000w, https:\/\/hotelarnold.ch\/wp-content\/uploads\/sites\/6\/2025\/01\/Banner_chambres-300x90.jpg 300w, https:\/\/hotelarnold.ch\/wp-content\/uploads\/sites\/6\/2025\/01\/Banner_chambres-1024x307.jpg 1024w, https:\/\/hotelarnold.ch\/wp-content\/uploads\/sites\/6\/2025\/01\/Banner_chambres-768x230.jpg 768w, https:\/\/hotelarnold.ch\/wp-content\/uploads\/sites\/6\/2025\/01\/Banner_chambres-1536x461.jpg 1536w\" sizes=\"(max-width: 2000px) 100vw, 2000px\" \/>\t\t\t\t\t\t\t\t\t\t\t\t\t\t\t<\/div>\n\t\t\t\t<\/div>\n\t\t\t\t\t<\/div>\n\t\t<\/div>\n\t\t\t\t\t\t\t<\/div>\n\t\t<\/section>\n\t\t\t\t<section class=\"elementor-section elementor-top-section elementor-element elementor-element-9eb0c3d section-padding-top elementor-section-boxed elementor-section-height-default elementor-section-height-default\" data-id=\"9eb0c3d\" data-element_type=\"section\">\n\t\t\t\t\t\t<div class=\"elementor-container elementor-column-gap-default\">\n\t\t\t\t\t<div class=\"elementor-column elementor-col-100 elementor-top-column elementor-element elementor-element-d5d49f3\" data-id=\"d5d49f3\" data-element_type=\"column\">\n\t\t\t<div class=\"elementor-widget-wrap elementor-element-populated\">\n\t\t\t\t\t\t\t\t<div class=\"elementor-element elementor-element-6f575e5 elementor-align-left elementor-widget elementor-widget-home-room\" data-id=\"6f575e5\" data-element_type=\"widget\" data-widget_type=\"home-room.default\">\n\t\t\t\t<div class=\"elementor-widget-container\">\n\t\t\t\r\n\t\t\t\t<section class=\"rooms1 section-padding bg-cream\" data-scroll-index=\"1\">\r\n\t\t \r\n\t\t\t<div class=\"container\">\r\n\t\t\t\t<div class=\"row\">\r\n\t\t\t\t\t<div class=\"col-md-12\">\r\n\t\t\t\t\t\t\t\t\t\t\t\t<div class=\"section-subtitle\">Zentral &amp; funktional<\/div>\r\n\t\t\t\t\t\t\t\t\t\t\t\t\t\t\t\t\t\t<div class=\"section-title\">Unsere Zimmer<\/div>\r\n\t\t\t\t\t\t\t\t\t\t\t\t\t\t\t\t\t\t\t<p class=\"mb-30\">\r\n\t\t\t\t\t\t\t\tDas 2025 er\u00f6ffnete Hotel Arnold &amp; Co. bietet komfortable und liebevoll eingerichtete Zimmer, die Ihnen allen Komfort bieten, den Sie f\u00fcr einen angenehmen Aufenthalt in Neuch\u00e2tel ben\u00f6tigen. Unser Hotel verf\u00fcgt \u00fcber keine Rezeption, aber \u00fcber einen Self-Checkin-Automaten, an dem Sie bei Ihrer Ankunft einchecken und die Zugangskarte f\u00fcr Ihr Zimmer erhalten k\u00f6nnen.\t\t\t\t\t\t\t<\/p>\r\n\t\t\t\t\t\t\t\t\t\t\t<\/div>\r\n\t\t\t\t<\/div>\r\n\t\t\t\t<div class=\"row\">\r\n\t\t\t\t\t\t\t\t\t\t\t\t\t\t\t\t\t\t<div class=\"col-md-4\">\r\n\t\t\t\t\t\t\t\t<a href=\"https:\/\/hotelarnold.ch\/de\/room\/attika-doppelzimmer\/\">\r\n\t\t\t\t\t\t\t\t<div class=\"item\">\r\n\t\t\t\t\t\t\t\t\t<div class=\"position-re o-hidden\"> \r\n\t\t\t\t\t\t\t\t\t\t\t<div class=\"col text-right\">\r\n\t\t\t\t\t\t\t\t\t\t\t\t<div class=\"permalink\">Details<\/div>\r\n\t\t\t\t\t\t\t\t\t\t\t<\/div>\r\n\t\t\t\t\t\t\t\t\t\t<img decoding=\"async\" src=\"https:\/\/hotelarnold.ch\/wp-content\/uploads\/sites\/6\/2024\/12\/Mise_avant_attique-2.jpg\" alt=\"\"> <\/div>\r\n\t\t\t\t\t\t\t\t\t<div class=\"con\">\r\n\t\t\t\t\t\t\t\t\t\t<!--<h6><a href=\"\"><\/a><\/h6> -->\r\n\t\t\t\t\t\t\t\t\t\t<h5>Attika-Doppelzimmer <\/h5>\r\n\t\t\t\t\t\t\t\t\t\t\r\n\t\t\t\t\t\t\t\t\t<\/div>\r\n\t\t\t\t\t\t\t\t<\/div>\r\n\t\t\t\t\t\t\t\t <\/a>\r\n\t\t\t\t\t\t\t<\/div>\r\n\t\t\t\t\t\t\t\t\t\t\t\t\t\t\t\t\t\t\t\t\t\t\t\t<div class=\"col-md-4\">\r\n\t\t\t\t\t\t\t\t<a href=\"https:\/\/hotelarnold.ch\/de\/room\/superior-doppelzimmer\/\">\r\n\t\t\t\t\t\t\t\t<div class=\"item\">\r\n\t\t\t\t\t\t\t\t\t<div class=\"position-re o-hidden\"> \r\n\t\t\t\t\t\t\t\t\t\t\t<div class=\"col text-right\">\r\n\t\t\t\t\t\t\t\t\t\t\t\t<div class=\"permalink\">Details<\/div>\r\n\t\t\t\t\t\t\t\t\t\t\t<\/div>\r\n\t\t\t\t\t\t\t\t\t\t<img decoding=\"async\" src=\"https:\/\/hotelarnold.ch\/wp-content\/uploads\/sites\/6\/2024\/12\/Chambre_sup_portrait-2.jpg\" alt=\"\"> <\/div>\r\n\t\t\t\t\t\t\t\t\t<div class=\"con\">\r\n\t\t\t\t\t\t\t\t\t\t<!--<h6><a href=\"\"><\/a><\/h6> -->\r\n\t\t\t\t\t\t\t\t\t\t<h5>Superior-Doppelzimmer <\/h5>\r\n\t\t\t\t\t\t\t\t\t\t\r\n\t\t\t\t\t\t\t\t\t<\/div>\r\n\t\t\t\t\t\t\t\t<\/div>\r\n\t\t\t\t\t\t\t\t <\/a>\r\n\t\t\t\t\t\t\t<\/div>\r\n\t\t\t\t\t\t\t\t\t\t\t\t\t\t\t\t\t\t\t\t\t\t\t\t<div class=\"col-md-4\">\r\n\t\t\t\t\t\t\t\t<a href=\"https:\/\/hotelarnold.ch\/de\/room\/standard-doppelzimmer\/\">\r\n\t\t\t\t\t\t\t\t<div class=\"item\">\r\n\t\t\t\t\t\t\t\t\t<div class=\"position-re o-hidden\"> \r\n\t\t\t\t\t\t\t\t\t\t\t<div class=\"col text-right\">\r\n\t\t\t\t\t\t\t\t\t\t\t\t<div class=\"permalink\">Details<\/div>\r\n\t\t\t\t\t\t\t\t\t\t\t<\/div>\r\n\t\t\t\t\t\t\t\t\t\t<img decoding=\"async\" src=\"https:\/\/hotelarnold.ch\/wp-content\/uploads\/sites\/6\/2023\/02\/Chambre_standard_mise_avant-2.jpg\" alt=\"\"> <\/div>\r\n\t\t\t\t\t\t\t\t\t<div class=\"con\">\r\n\t\t\t\t\t\t\t\t\t\t<!--<h6><a href=\"\"><\/a><\/h6> -->\r\n\t\t\t\t\t\t\t\t\t\t<h5>Standard-Doppelzimmer <\/h5>\r\n\t\t\t\t\t\t\t\t\t\t\r\n\t\t\t\t\t\t\t\t\t<\/div>\r\n\t\t\t\t\t\t\t\t<\/div>\r\n\t\t\t\t\t\t\t\t <\/a>\r\n\t\t\t\t\t\t\t<\/div>\r\n\t\t\t\t\t\t\t\t\t\t\t\t\t\t\t<\/div>\r\n\t\t\t<\/div>\r\n\t\t<\/section>\r\n\r\n\t\t\t<\/div>\n\t\t\t\t<\/div>\n\t\t\t\t\t<\/div>\n\t\t<\/div>\n\t\t\t\t\t\t\t<\/div>\n\t\t<\/section>\n\t\t\t\t<section class=\"elementor-section elementor-top-section elementor-element elementor-element-0ee075b elementor-section-full_width elementor-section-height-default elementor-section-height-default\" data-id=\"0ee075b\" data-element_type=\"section\">\n\t\t\t\t\t\t<div class=\"elementor-container elementor-column-gap-no\">\n\t\t\t\t\t<div class=\"elementor-column elementor-col-100 elementor-top-column elementor-element elementor-element-5761390\" data-id=\"5761390\" data-element_type=\"column\">\n\t\t\t<div class=\"elementor-widget-wrap elementor-element-populated\">\n\t\t\t\t\t\t\t\t<div class=\"elementor-element elementor-element-8f7be3b elementor-align-left elementor-widget elementor-widget-home-testimonials-2\" data-id=\"8f7be3b\" data-element_type=\"widget\" data-widget_type=\"home-testimonials-2.default\">\n\t\t\t\t<div class=\"elementor-widget-container\">\n\t\t\t\r\n\t\t<section class=\"testimonials\">\r\n\t\t\t\t\t\t<div class=\"background bg-img bg-fixed section-padding pb-0\" data-background=\"http:\/\/hotelarnold.ch\/wp-content\/uploads\/sites\/6\/2025\/01\/schreyer_2500235.jpg\" data-overlay-dark=\"2\">\r\n\t\t\t\t\t\t\t<div class=\"container\">\r\n\t\t\t\t\t<div class=\"row\">\r\n\t\t\t\t\t\t<!-- Reservation -->\r\n\t\t\t\t\t\t<div class=\"col-md-5 mb-30 mt-30\">\r\n\t\t\t\t\t\t\t<p>\t\t\t\t\t\t\t\t<i class=\"star-rating\"><\/i>\r\n\t\t\t\t\t\t\t\t<i class=\"star-rating\"><\/i>\r\n\t\t\t\t\t\t\t<\/p>\r\n\t\t\t\t\t\t\t\t\t\t\t\t\t\t<h5>Modern, gut ausgestattet und geschmackvoll eingerichtet bieten unsere Zimmer allen notwendigen Komfort f\u00fcr einen angenehmen Aufenthalt.<\/h5>\r\n\t\t\t\t\t\t\t\t\t\t\t\t\t\t\t\t\t\t\t\t\t\t\t\t\t\t\t<\/div>\r\n\t\t\t\t\t\t<!-- Booking From -->\r\n\t\t\t\t\t\t<div class=\"col-md-5 offset-md-2\">\r\n\t\t\t\t\t\t\t<div class=\"booking-box\">\r\n\t\t\t\t\t\t\t\t<div class=\"head-box\">\r\n\t\t\t\t\t\t\t\t\t\t\t\t\t\t\t\t\t\t<h6>Zimmer<\/h6>\r\n\t\t\t\t\t\t\t\t\t\t\t\t\t\t\t\t\t\t\t\t\t\t\t\t\t\t\t<h4>Buchen<\/h4>\r\n\t\t\t\t\t\t\t\t\t\t\t\t\t\t\t\t\t<\/div>\r\n\t\t\t\t\t\t\t\t\t\t\t\t\t\t\t\t<div class=\"booking-inner clearfix\">\r\n\t\t\t\t\t\t\t\t\t\n<div class=\"wpcf7 no-js\" id=\"wpcf7-f119-o1\" lang=\"fr-FR\" dir=\"ltr\">\n<div class=\"screen-reader-response\"><p role=\"status\" aria-live=\"polite\" aria-atomic=\"true\"><\/p> <ul><\/ul><\/div>\n<form action=\"https:\/\/www.secure-hotel-booking.com\/smart\/Hotel-Alpes-et-Lac-Neuchatel\/2QQ6\/fr\/\" method=\"post\" class=\"wpcf7-form init\" aria-label=\"Formulaire de contact\" novalidate=\"novalidate\" data-status=\"init\">\n<div style=\"display: none;\">\n<input type=\"hidden\" name=\"_wpcf7\" value=\"119\" \/>\n<input type=\"hidden\" name=\"_wpcf7_version\" value=\"5.7.6\" \/>\n<input type=\"hidden\" name=\"_wpcf7_locale\" value=\"fr_FR\" \/>\n<input type=\"hidden\" name=\"_wpcf7_unit_tag\" value=\"wpcf7-f119-o1\" \/>\n<input type=\"hidden\" name=\"_wpcf7_container_post\" value=\"0\" \/>\n<input type=\"hidden\" name=\"_wpcf7_posted_data_hash\" value=\"\" \/>\n<\/div>\n<div class=\"form1 clearfix\">\n    <div class=\"row\">\n        <div class=\"col-md-12\">\n            <div class=\"input1_wrapper\">\n                <label>Check in<\/label><div class=\"input1_inner\">\n                    <span class=\"wpcf7-form-control-wrap\" data-name=\"checkinDate2\"><input size=\"40\" class=\"wpcf7-form-control wpcf7-text wpcf7-validates-as-required form-control input datepicker\" aria-required=\"true\" aria-invalid=\"false\" placeholder=\"Check in\" value=\"\" type=\"text\" name=\"checkinDate2\" \/><\/span>\n                <\/div><\/div><\/div>\n        <div class=\"col-md-12\">\n            <div class=\"input1_wrapper\">\n                <label>Check out<\/label><div class=\"input1_inner\">\n                    <span class=\"wpcf7-form-control-wrap\" data-name=\"checkoutDate2\"><input size=\"40\" class=\"wpcf7-form-control wpcf7-text wpcf7-validates-as-required form-control input datepicker\" aria-required=\"true\" aria-invalid=\"false\" placeholder=\"Check out\" value=\"\" type=\"text\" name=\"checkoutDate2\" \/><\/span>\n                <\/div><\/div><\/div>\n        <div class=\"col-md-6\">\n            <div class=\"select1_wrapper\">\n                <label>Adultes<\/label><div class=\"select1_inner\">\n                    <span class=\"wpcf7-form-control-wrap\" data-name=\"adultCount2\"><select class=\"wpcf7-form-control wpcf7-select wpcf7-validates-as-required select2 select\" aria-required=\"true\" aria-invalid=\"false\" name=\"adultCount2\"><option value=\"\">Adulte(s)<\/option><option value=\"1\">1<\/option><option value=\"2\">2<\/option><option value=\"3\">3<\/option><option value=\"4\">4<\/option><\/select><\/span>\n                <\/div><\/div><\/div>\n        <div class=\"col-md-6\">\n            <div class=\"select1_wrapper\">\n                <label>Enfants<\/label><div class=\"select1_inner\">\n                    <span class=\"wpcf7-form-control-wrap\" data-name=\"childCount2\"><select class=\"wpcf7-form-control wpcf7-select wpcf7-validates-as-required select2 select\" aria-required=\"true\" aria-invalid=\"false\" name=\"childCount2\"><option value=\"\">Enfant(s)<\/option><option value=\"1\">1<\/option><option value=\"2\">2<\/option><option value=\"3\">3<\/option><option value=\"4\">4<\/option><\/select><\/span>\n                <\/div><\/div><\/div>\n        <div class=\"col-md-12\">\n            <input class=\"wpcf7-form-control has-spinner wpcf7-submit btn-form1-submit mt-15\" type=\"submit\" value=\"V\u00e9rifier la disponibilit\u00e9\" \/>\n        <\/div><\/div><\/div><div class=\"wpcf7-response-output\" aria-hidden=\"true\"><\/div>\n<\/form>\n<\/div>\n\t\t\t\t\t\t\t\t<\/div>\r\n\t\t\t\t\t\t\t\t\t\t\t\t\t\t\t<\/div>\r\n\t\t\t\t\t\t<\/div>\r\n\t\t\t\t\t<\/div>\r\n\t\t\t\t<\/div>\r\n\t\t\t<\/div>\r\n\t\t<\/section>\r\n\r\n\t\t\t<\/div>\n\t\t\t\t<\/div>\n\t\t\t\t\t<\/div>\n\t\t<\/div>\n\t\t\t\t\t\t\t<\/div>\n\t\t<\/section>\n\t\t\t\t<section class=\"elementor-section elementor-top-section elementor-element elementor-element-5d75b019 elementor-section-full_width elementor-section-height-default elementor-section-height-default\" data-id=\"5d75b019\" data-element_type=\"section\">\n\t\t\t\t\t\t<div class=\"elementor-container elementor-column-gap-no\">\n\t\t\t\t\t<div class=\"elementor-column elementor-col-100 elementor-top-column elementor-element elementor-element-8d2a897\" data-id=\"8d2a897\" data-element_type=\"column\">\n\t\t\t<div class=\"elementor-widget-wrap elementor-element-populated\">\n\t\t\t\t\t\t\t\t<div class=\"elementor-element elementor-element-39688ad1 elementor-align-left elementor-widget elementor-widget-home-client\" data-id=\"39688ad1\" data-element_type=\"widget\" data-widget_type=\"home-client.default\">\n\t\t\t\t<div class=\"elementor-widget-container\">\n\t\t\t\r\n\t\t<section class=\"clients\">\r\n\t\t\t<h2 style=\"display: none!important;\">The Cappa<\/h2>\r\n\t\t\t<div class=\"container\">\r\n\t\t\t\t<div class=\"row\">\r\n\t\t\t\t\t<div class=\"col-md-7\">\r\n\t\t\t\t\t\t<br>\r\n\t\t\t\t\t\t\t\t\t\t\t<div class=\"section-title\">Unsere Einrichtungen in Neuch\u00e2tel<\/div>\r\n\t\t\t\t\t\t\t\t\t\t\t<\/div>\r\n\t\t\t\t\t<!-- owl-carousel owl-theme -->\r\n\t\t\t\t\t<div class=\"col-md-7 \">\r\n\t\t\t\t\t\t<div class=\"row\">\r\n\t\t\t\t\t\t\t\t\t\t\t\t\t<div class=\"clients-logo col-md-4\">\r\n\t\t\t\t\t\t\t\t<a href=\"#0\"><img decoding=\"async\" src=\"\" alt=\"\"><\/a>\r\n\t\t\t\t\t\t\t<\/div>\r\n\t\t\t\t\t\t\t\t\t\t\t<\/div>\r\n\t\t\t\t<\/div>\r\n\t\t\t\t<\/div>\r\n\t\t\t<\/div>\r\n\t\t<\/section>\r\n\r\n\t\t\t<\/div>\n\t\t\t\t<\/div>\n\t\t\t\t\t<\/div>\n\t\t<\/div>\n\t\t\t\t\t\t\t<\/div>\n\t\t<\/section>\n\t\t\t\t<section class=\"elementor-section elementor-top-section elementor-element elementor-element-1ae4c35a elementor-section-boxed elementor-section-height-default elementor-section-height-default\" data-id=\"1ae4c35a\" data-element_type=\"section\">\n\t\t\t\t\t\t<div class=\"elementor-container elementor-column-gap-default\">\n\t\t\t\t\t<div class=\"elementor-column elementor-col-25 elementor-top-column elementor-element elementor-element-5fda9919\" data-id=\"5fda9919\" data-element_type=\"column\">\n\t\t\t<div class=\"elementor-widget-wrap elementor-element-populated\">\n\t\t\t\t\t\t\t\t<div class=\"elementor-element elementor-element-385cfead elementor-widget elementor-widget-image\" data-id=\"385cfead\" data-element_type=\"widget\" data-widget_type=\"image.default\">\n\t\t\t\t<div class=\"elementor-widget-container\">\n\t\t\t\t\t\t\t\t\t\t\t\t\t\t\t\t<a href=\"https:\/\/hoteldesarts.ch\/\" target=\"_blank\">\n\t\t\t\t\t\t\t<img decoding=\"async\" width=\"400\" height=\"250\" src=\"https:\/\/hotelarnold.ch\/wp-content\/uploads\/sites\/6\/2024\/11\/Logo_Arts.png\" class=\"attachment-large size-large wp-image-7490\" alt=\"\" loading=\"lazy\" srcset=\"https:\/\/hotelarnold.ch\/wp-content\/uploads\/sites\/6\/2024\/11\/Logo_Arts.png 400w, https:\/\/hotelarnold.ch\/wp-content\/uploads\/sites\/6\/2024\/11\/Logo_Arts-300x188.png 300w\" sizes=\"(max-width: 400px) 100vw, 400px\" \/>\t\t\t\t\t\t\t\t<\/a>\n\t\t\t\t\t\t\t\t\t\t\t\t\t\t\t<\/div>\n\t\t\t\t<\/div>\n\t\t\t\t\t<\/div>\n\t\t<\/div>\n\t\t\t\t<div class=\"elementor-column elementor-col-25 elementor-top-column elementor-element elementor-element-5db09195\" data-id=\"5db09195\" data-element_type=\"column\">\n\t\t\t<div class=\"elementor-widget-wrap elementor-element-populated\">\n\t\t\t\t\t\t\t\t<div class=\"elementor-element elementor-element-66212362 elementor-widget elementor-widget-image\" data-id=\"66212362\" data-element_type=\"widget\" data-widget_type=\"image.default\">\n\t\t\t\t<div class=\"elementor-widget-container\">\n\t\t\t\t\t\t\t\t\t\t\t\t\t\t\t\t<a href=\"https:\/\/alpesetlac.ch\/\" target=\"_blank\">\n\t\t\t\t\t\t\t<img decoding=\"async\" width=\"400\" height=\"250\" src=\"https:\/\/hotelarnold.ch\/wp-content\/uploads\/sites\/6\/2024\/11\/Logo_AL-1.png\" class=\"attachment-large size-large wp-image-7487\" alt=\"\" loading=\"lazy\" srcset=\"https:\/\/hotelarnold.ch\/wp-content\/uploads\/sites\/6\/2024\/11\/Logo_AL-1.png 400w, https:\/\/hotelarnold.ch\/wp-content\/uploads\/sites\/6\/2024\/11\/Logo_AL-1-300x188.png 300w\" sizes=\"(max-width: 400px) 100vw, 400px\" \/>\t\t\t\t\t\t\t\t<\/a>\n\t\t\t\t\t\t\t\t\t\t\t\t\t\t\t<\/div>\n\t\t\t\t<\/div>\n\t\t\t\t\t<\/div>\n\t\t<\/div>\n\t\t\t\t<div class=\"elementor-column elementor-col-25 elementor-top-column elementor-element elementor-element-839527f\" data-id=\"839527f\" data-element_type=\"column\">\n\t\t\t<div class=\"elementor-widget-wrap elementor-element-populated\">\n\t\t\t\t\t\t\t\t<div class=\"elementor-element elementor-element-187b94c4 elementor-widget elementor-widget-image\" data-id=\"187b94c4\" data-element_type=\"widget\" data-widget_type=\"image.default\">\n\t\t\t\t<div class=\"elementor-widget-container\">\n\t\t\t\t\t\t\t\t\t\t\t\t\t\t\t\t<a href=\"https:\/\/laterrasse-restaurant.ch\/\" target=\"_blank\">\n\t\t\t\t\t\t\t<img decoding=\"async\" width=\"400\" height=\"250\" src=\"https:\/\/hotelarnold.ch\/wp-content\/uploads\/sites\/6\/2024\/11\/Logo_LaTerrasse.png\" class=\"attachment-large size-large wp-image-7484\" alt=\"\" loading=\"lazy\" srcset=\"https:\/\/hotelarnold.ch\/wp-content\/uploads\/sites\/6\/2024\/11\/Logo_LaTerrasse.png 400w, https:\/\/hotelarnold.ch\/wp-content\/uploads\/sites\/6\/2024\/11\/Logo_LaTerrasse-300x188.png 300w\" sizes=\"(max-width: 400px) 100vw, 400px\" \/>\t\t\t\t\t\t\t\t<\/a>\n\t\t\t\t\t\t\t\t\t\t\t\t\t\t\t<\/div>\n\t\t\t\t<\/div>\n\t\t\t\t\t<\/div>\n\t\t<\/div>\n\t\t\t\t<div class=\"elementor-column elementor-col-25 elementor-top-column elementor-element elementor-element-3a866fc8\" data-id=\"3a866fc8\" data-element_type=\"column\">\n\t\t\t<div class=\"elementor-widget-wrap elementor-element-populated\">\n\t\t\t\t\t\t\t\t<div class=\"elementor-element elementor-element-7baf313c elementor-widget elementor-widget-image\" data-id=\"7baf313c\" data-element_type=\"widget\" data-widget_type=\"image.default\">\n\t\t\t\t<div class=\"elementor-widget-container\">\n\t\t\t\t\t\t\t\t\t\t\t\t\t\t\t\t<a href=\"https:\/\/lebart.ch\/fr\/\" target=\"_blank\">\n\t\t\t\t\t\t\t<img decoding=\"async\" width=\"400\" height=\"250\" src=\"https:\/\/hotelarnold.ch\/wp-content\/uploads\/sites\/6\/2024\/11\/Logo_BArt.png\" class=\"attachment-large size-large wp-image-7493\" alt=\"\" loading=\"lazy\" srcset=\"https:\/\/hotelarnold.ch\/wp-content\/uploads\/sites\/6\/2024\/11\/Logo_BArt.png 400w, https:\/\/hotelarnold.ch\/wp-content\/uploads\/sites\/6\/2024\/11\/Logo_BArt-300x188.png 300w\" sizes=\"(max-width: 400px) 100vw, 400px\" \/>\t\t\t\t\t\t\t\t<\/a>\n\t\t\t\t\t\t\t\t\t\t\t\t\t\t\t<\/div>\n\t\t\t\t<\/div>\n\t\t\t\t\t<\/div>\n\t\t<\/div>\n\t\t\t\t\t\t\t<\/div>\n\t\t<\/section>\n\t\t\t\t\t\t\t<\/div>\n\t\t","protected":false},"excerpt":{"rendered":"<p>Zentral &amp; funktional Unsere Zimmer Das 2025 er\u00f6ffnete Hotel Arnold &amp; Co. bietet komfortable und liebevoll eingerichtete Zimmer, die Ihnen allen Komfort bieten, den Sie f\u00fcr einen angenehmen Aufenthalt in Neuch\u00e2tel ben\u00f6tigen. Unser Hotel verf\u00fcgt \u00fcber keine Rezeption, aber \u00fcber einen Self-Checkin-Automaten, an dem Sie bei Ihrer Ankunft einchecken und die Zugangskarte f\u00fcr Ihr Zimmer [&hellip;]<\/p>\n","protected":false},"author":1,"featured_media":0,"parent":0,"menu_order":0,"comment_status":"closed","ping_status":"closed","template":"page-templates\/home.php","meta":[],"acf":[],"_links":{"self":[{"href":"https:\/\/hotelarnold.ch\/de\/wp-json\/wp\/v2\/pages\/8035"}],"collection":[{"href":"https:\/\/hotelarnold.ch\/de\/wp-json\/wp\/v2\/pages"}],"about":[{"href":"https:\/\/hotelarnold.ch\/de\/wp-json\/wp\/v2\/types\/page"}],"author":[{"embeddable":true,"href":"https:\/\/hotelarnold.ch\/de\/wp-json\/wp\/v2\/users\/1"}],"replies":[{"embeddable":true,"href":"https:\/\/hotelarnold.ch\/de\/wp-json\/wp\/v2\/comments?post=8035"}],"version-history":[{"count":7,"href":"https:\/\/hotelarnold.ch\/de\/wp-json\/wp\/v2\/pages\/8035\/revisions"}],"predecessor-version":[{"id":8212,"href":"https:\/\/hotelarnold.ch\/de\/wp-json\/wp\/v2\/pages\/8035\/revisions\/8212"}],"wp:attachment":[{"href":"https:\/\/hotelarnold.ch\/de\/wp-json\/wp\/v2\/media?parent=8035"}],"curies":[{"name":"wp","href":"https:\/\/api.w.org\/{rel}","templated":true}]}}