{"id":8309,"date":"2022-04-29T02:57:41","date_gmt":"2022-04-29T00:57:41","guid":{"rendered":"https:\/\/hotelarnold.ch\/kontakt\/"},"modified":"2026-01-19T18:02:30","modified_gmt":"2026-01-19T17:02:30","slug":"kontakt","status":"publish","type":"page","link":"https:\/\/hotelarnold.ch\/de\/kontakt\/","title":{"rendered":"Kontakt"},"content":{"rendered":"\t\t<div data-elementor-type=\"wp-page\" data-elementor-id=\"8309\" class=\"elementor elementor-8309 elementor-82\">\n\t\t\t\t\t\t\t\t\t<section class=\"elementor-section elementor-top-section elementor-element elementor-element-d8cc1e8 elementor-section-full_width elementor-section-height-default elementor-section-height-default\" data-id=\"d8cc1e8\" data-element_type=\"section\">\n\t\t\t\t\t\t<div class=\"elementor-container elementor-column-gap-no\">\n\t\t\t\t\t<div class=\"elementor-column elementor-col-100 elementor-top-column elementor-element elementor-element-6cb5ba0\" data-id=\"6cb5ba0\" data-element_type=\"column\">\n\t\t\t<div class=\"elementor-widget-wrap elementor-element-populated\">\n\t\t\t\t\t\t\t\t<div class=\"elementor-element elementor-element-553836b elementor-widget elementor-widget-image\" data-id=\"553836b\" data-element_type=\"widget\" data-widget_type=\"image.default\">\n\t\t\t\t<div class=\"elementor-widget-container\">\n\t\t\t<style>\/*! elementor - v3.9.1 - 14-12-2022 *\/\n.elementor-widget-image{text-align:center}.elementor-widget-image a{display:inline-block}.elementor-widget-image a img[src$=\".svg\"]{width:48px}.elementor-widget-image img{vertical-align:middle;display:inline-block}<\/style>\t\t\t\t\t\t\t\t\t\t\t\t<img decoding=\"async\" src=\"https:\/\/alpesetlac.ch\/wp-content\/uploads\/2023\/06\/AL-Banner-vue-lac.jpg\" title=\"\" alt=\"\" \/>\t\t\t\t\t\t\t\t\t\t\t\t\t\t\t<\/div>\n\t\t\t\t<\/div>\n\t\t\t\t\t<\/div>\n\t\t<\/div>\n\t\t\t\t\t\t\t<\/div>\n\t\t<\/section>\n\t\t\t\t<section class=\"elementor-section elementor-top-section elementor-element elementor-element-fb25961 elementor-section-full_width elementor-section-height-default elementor-section-height-default\" data-id=\"fb25961\" data-element_type=\"section\">\n\t\t\t\t\t\t<div class=\"elementor-container elementor-column-gap-no\">\n\t\t\t\t\t<div class=\"elementor-column elementor-col-100 elementor-top-column elementor-element elementor-element-9394148\" data-id=\"9394148\" data-element_type=\"column\">\n\t\t\t<div class=\"elementor-widget-wrap elementor-element-populated\">\n\t\t\t\t\t\t\t\t<div class=\"elementor-element elementor-element-712735d elementor-align-left elementor-widget elementor-widget-pages-contact\" data-id=\"712735d\" data-element_type=\"widget\" data-widget_type=\"pages-contact.default\">\n\t\t\t\t<div class=\"elementor-widget-container\">\n\t\t\t\r\n\t\t<section class=\"contact section-padding\">\r\n\t\t\t<div class=\"container\">\r\n\t\t\t\t<div class=\"row mb-90\">\r\n\t\t\t\t\t<div class=\"col-md-6 mb-60\">\r\n\t\t\t\t\t\t\t\t\t\t\t\t<h3>Kontakt<\/h3>\r\n\t\t\t\t\t\t\t\t\t\t\t\t\r\n\t\t\t\t\t\t\t\t\t\t\t\t<div class=\"reservations mb-30\">\r\n\t\t\t\t\t\t\t\t\t\t\t\t\t\t<div class=\"icon\"><span class=\"flaticon-envelope\"><\/span><\/div>\r\n\t\t\t\t\t\t\t\t\t\t\t\t\t\t\t\t\t\t\t\t\t<div class=\"text\">\r\n\t\t\t\t\t\t\t\t<p>Email<\/p> <a href=\"mailto:contact@hotelarnold.ch\">contact@hotelarnold.ch<\/a>\t\t\t\t\t\t\t<\/div>\r\n\t\t\t\t\t\t\t\t\t\t\t\t\t<\/div>\r\n\t\t\t\t\t\t\t\t\t\t\t\t<div class=\"reservations mb-30\">\r\n\t\t\t\t\t\t\t\t\t\t\t\t\t\t<div class=\"icon\"><span class=\"flaticon-location-pin\"><\/span><\/div>\r\n\t\t\t\t\t\t\t\t\t\t\t\t\t\t\t\t\t\t\t\t\t<div class=\"text\">\r\n\t\t\t\t\t\t\t\t<p>Adresse<\/p> Rue J.-L. Pourtal\u00e8s 4 <br \/>2000 Neuch\u00e2tel\t\t\t\t\t\t\t<\/div>\r\n\t\t\t\t\t\t\t\t\t\t\t\t\t<\/div>\r\n\t\t\t\t\t\t\t\t\t\t\t\t\t\t\t\t\t\t<p><h3>Einreise :<\/h3>\n<strong>Mit dem Auto:<\/strong><br \/>\n\nIn der N\u00e4he befinden sich kostenpflichtige wei\u00dfe Zonen, die jedoch kein Langzeitparken erlauben (max. 2 Stunden, kostenlos von 21:00 bis 07:00 Uhr). Die Tiefgarage des Hafens ist 5 Minuten zu Fu\u00df entfernt. <br \/> <br \/>\n\n<strong>Mit dem Zug:<\/strong><br \/>\n\nDas Hotel ist 5 Minuten von der Bahnstation Neuch\u00e2tel mit dem Fun'Ambule-Shuttle oder 10 Minuten zu Fu\u00df entfernt.<br \/><br \/>\n<strong>Besichtigungen und Transport:<\/strong><br \/>\n\nMit der Neuch\u00e2tel Tourist Card haben Sie kostenlosen Zugang zu Museen und \u00f6ffentlichen Verkehrsmitteln im Kanton (einschlie\u00dflich Schiff).<br \/> <br \/>\n<ul>\n \t<li><strong style=\"text-align: start\"><a style=\"text-align: start\" href=\"https:\/\/www.j3l.ch\/de\/Z10779\/neuenburg-tourist-card\" target=\"_blank\" rel=\"noopener\"><span class=\"ti_icon size-small corner-square icon-left icon-color-custom\"><i class=\"ti-angle-right\" style=\"color: #222;\"><\/i> <\/span>Webseite von Jura&amp;Trois-Lacs<\/a><\/strong><\/li>\n<\/ul><\/p>\r\n\t\t\t\t\t\t\t\t\t\t\t<\/div>\r\n\t\t\t\t\t<div class=\"col-md-5 mb-30 offset-md-1\">\r\n\t\t\t\t\t\t\t\t\t\t\t\t<h3>Kontakt<\/h3>\r\n\t\t\t\t\t\t\t\t\t\t\t\t\t\t\t\t\t\t\n<div class=\"wpcf7 no-js\" id=\"wpcf7-f8680-o1\" lang=\"de-DE\" dir=\"ltr\">\n<div class=\"screen-reader-response\"><p role=\"status\" aria-live=\"polite\" aria-atomic=\"true\"><\/p> <ul><\/ul><\/div>\n<form action=\"\/de\/wp-json\/wp\/v2\/pages\/8309#wpcf7-f8680-o1\" method=\"post\" class=\"wpcf7-form init\" aria-label=\"Kontaktformular\" novalidate=\"novalidate\" data-status=\"init\">\n<div style=\"display: none;\">\n<input type=\"hidden\" name=\"_wpcf7\" value=\"8680\" \/>\n<input type=\"hidden\" name=\"_wpcf7_version\" value=\"5.7.6\" \/>\n<input type=\"hidden\" name=\"_wpcf7_locale\" value=\"de_DE\" \/>\n<input type=\"hidden\" name=\"_wpcf7_unit_tag\" value=\"wpcf7-f8680-o1\" \/>\n<input type=\"hidden\" name=\"_wpcf7_container_post\" value=\"0\" \/>\n<input type=\"hidden\" name=\"_wpcf7_posted_data_hash\" value=\"\" \/>\n<\/div>\n<form method=\"post\" class=\"contact__form\" action=\"mail.php\">\n    <!-- form message -->\n    <div class=\"row\">\n        <div class=\"col-12\">\n            <div class=\"alert alert-success contact__msg\" style=\"display: none\" role=\"alert\"> Ihre Nachricht wurde erfolgreich gesendet. <\/div>\n        <\/div>\n    <\/div>\n    <!-- form elements -->\n    <div class=\"row\">\n        <div class=\"col-md-6 form-group\">\n            <span class=\"wpcf7-form-control-wrap\" data-name=\"your-name\"><input size=\"40\" class=\"wpcf7-form-control wpcf7-text\" aria-invalid=\"false\" placeholder=\"Ihr Name *\" value=\"\" type=\"text\" name=\"your-name\" \/><\/span>\n        <\/div>\n        <div class=\"col-md-6 form-group\">\n            <span class=\"wpcf7-form-control-wrap\" data-name=\"your-email\"><input size=\"40\" class=\"wpcf7-form-control wpcf7-text wpcf7-email wpcf7-validates-as-required wpcf7-validates-as-email\" aria-required=\"true\" aria-invalid=\"false\" placeholder=\"Ihre E-Mail*\" value=\"\" type=\"email\" name=\"your-email\" \/><\/span>\n        <\/div>\n        <div class=\"col-md-6 form-group\">\n            <span class=\"wpcf7-form-control-wrap\" data-name=\"your-phone\"><input size=\"40\" class=\"wpcf7-form-control wpcf7-text\" aria-invalid=\"false\" placeholder=\"Ihre Telefonnummer *\" value=\"\" type=\"text\" name=\"your-phone\" \/><\/span>\n        <\/div>\n        <div class=\"col-md-6 form-group\">\n            <span class=\"wpcf7-form-control-wrap\" data-name=\"your-subject\"><input size=\"40\" class=\"wpcf7-form-control wpcf7-text\" aria-invalid=\"false\" placeholder=\"Betreff *\" value=\"\" type=\"text\" name=\"your-subject\" \/><\/span>\n        <\/div>\n        <div class=\"col-md-12 form-group\">\n            <span class=\"wpcf7-form-control-wrap\" data-name=\"your-message\"><textarea cols=\"40\" rows=\"10\" class=\"wpcf7-form-control wpcf7-textarea\" id=\"message\" aria-invalid=\"false\" name=\"your-message\">Message *<\/textarea><\/span>\n        <\/div>\n        <div class=\"col-md-12\">\n            <input class=\"wpcf7-form-control has-spinner wpcf7-submit butn-dark\" type=\"submit\" value=\"Envoyer le message\" \/>\n        <\/div>\n    <\/div>\n<\/form><div class=\"wpcf7-response-output\" aria-hidden=\"true\"><\/div>\n<\/form>\n<\/div>\n\t\t\t\t\t\t\t\t\t\t\t<\/div>\r\n\t\t\t\t<\/div>\r\n\t\t\t\t<!-- Map Section -->\r\n\t\t\t\t\t\t\t<\/div>\r\n\t\t<\/section>\r\n\t\t\r\n\r\n\t\t\t<\/div>\n\t\t\t\t<\/div>\n\t\t\t\t<div class=\"elementor-element elementor-element-9c86424 elementor-widget elementor-widget-google_maps\" data-id=\"9c86424\" data-element_type=\"widget\" data-widget_type=\"google_maps.default\">\n\t\t\t\t<div class=\"elementor-widget-container\">\n\t\t\t<style>\/*! elementor - v3.9.1 - 14-12-2022 *\/\n.elementor-widget-google_maps .elementor-widget-container{overflow:hidden}.elementor-widget-google_maps iframe{height:300px}<\/style>\t\t<div class=\"elementor-custom-embed\">\n\t\t\t<iframe frameborder=\"0\" scrolling=\"no\" marginheight=\"0\" marginwidth=\"0\"\n\t\t\t\t\tsrc=\"https:\/\/maps.google.com\/maps?q=h%C3%B4tel%20arnold%20%26%20co%2C%202000%20Neuch%C3%A2tel&#038;t=m&#038;z=16&#038;output=embed&#038;iwloc=near\"\n\t\t\t\t\ttitle=\"h\u00f4tel arnold &amp; co, 2000 Neuch\u00e2tel\"\n\t\t\t\t\taria-label=\"h\u00f4tel arnold &amp; co, 2000 Neuch\u00e2tel\"\n\t\t\t><\/iframe>\n\t\t<\/div>\n\t\t\t\t<\/div>\n\t\t\t\t<\/div>\n\t\t\t\t\t<\/div>\n\t\t<\/div>\n\t\t\t\t\t\t\t<\/div>\n\t\t<\/section>\n\t\t\t\t<section class=\"elementor-section elementor-top-section elementor-element elementor-element-6bec377b elementor-section-full_width elementor-section-height-default elementor-section-height-default\" data-id=\"6bec377b\" data-element_type=\"section\">\n\t\t\t\t\t\t<div class=\"elementor-container elementor-column-gap-no\">\n\t\t\t\t\t<div class=\"elementor-column elementor-col-100 elementor-top-column elementor-element elementor-element-5ca5854e\" data-id=\"5ca5854e\" data-element_type=\"column\">\n\t\t\t<div class=\"elementor-widget-wrap elementor-element-populated\">\n\t\t\t\t\t\t\t\t<div class=\"elementor-element elementor-element-3ec25d6b elementor-align-left elementor-widget elementor-widget-home-client\" data-id=\"3ec25d6b\" data-element_type=\"widget\" data-widget_type=\"home-client.default\">\n\t\t\t\t<div class=\"elementor-widget-container\">\n\t\t\t\r\n\t\t<section class=\"clients\">\r\n\t\t\t<h2 style=\"display: none!important;\">The Cappa<\/h2>\r\n\t\t\t<div class=\"container\">\r\n\t\t\t\t<div class=\"row\">\r\n\t\t\t\t\t<div class=\"col-md-7\">\r\n\t\t\t\t\t\t<br>\r\n\t\t\t\t\t\t\t\t\t\t\t<div class=\"section-title\">Unsere Einrichtungen in Neuch\u00e2tel<\/div>\r\n\t\t\t\t\t\t\t\t\t\t\t<\/div>\r\n\t\t\t\t\t<!-- owl-carousel owl-theme -->\r\n\t\t\t\t\t<div class=\"col-md-7 \">\r\n\t\t\t\t\t\t<div class=\"row\">\r\n\t\t\t\t\t\t\t\t\t\t\t\t\t<div class=\"clients-logo col-md-4\">\r\n\t\t\t\t\t\t\t\t<a href=\"#0\"><img decoding=\"async\" src=\"\" alt=\"\"><\/a>\r\n\t\t\t\t\t\t\t<\/div>\r\n\t\t\t\t\t\t\t\t\t\t\t<\/div>\r\n\t\t\t\t<\/div>\r\n\t\t\t\t<\/div>\r\n\t\t\t<\/div>\r\n\t\t<\/section>\r\n\r\n\t\t\t<\/div>\n\t\t\t\t<\/div>\n\t\t\t\t\t<\/div>\n\t\t<\/div>\n\t\t\t\t\t\t\t<\/div>\n\t\t<\/section>\n\t\t\t\t<section class=\"elementor-section elementor-top-section elementor-element elementor-element-2873d225 elementor-section-boxed elementor-section-height-default elementor-section-height-default\" data-id=\"2873d225\" data-element_type=\"section\">\n\t\t\t\t\t\t<div class=\"elementor-container elementor-column-gap-default\">\n\t\t\t\t\t<div class=\"elementor-column elementor-col-25 elementor-top-column elementor-element elementor-element-7eebf92\" data-id=\"7eebf92\" data-element_type=\"column\">\n\t\t\t<div class=\"elementor-widget-wrap elementor-element-populated\">\n\t\t\t\t\t\t\t\t<div class=\"elementor-element elementor-element-735b7046 elementor-widget elementor-widget-image\" data-id=\"735b7046\" data-element_type=\"widget\" data-widget_type=\"image.default\">\n\t\t\t\t<div class=\"elementor-widget-container\">\n\t\t\t\t\t\t\t\t\t\t\t\t\t\t\t\t<a href=\"https:\/\/hoteldesarts.ch\/\" target=\"_blank\">\n\t\t\t\t\t\t\t<img decoding=\"async\" width=\"400\" height=\"250\" src=\"https:\/\/hotelarnold.ch\/wp-content\/uploads\/sites\/6\/2024\/11\/Logo_Arts.png\" class=\"attachment-large size-large wp-image-7490\" alt=\"\" loading=\"lazy\" srcset=\"https:\/\/hotelarnold.ch\/wp-content\/uploads\/sites\/6\/2024\/11\/Logo_Arts.png 400w, https:\/\/hotelarnold.ch\/wp-content\/uploads\/sites\/6\/2024\/11\/Logo_Arts-300x188.png 300w\" sizes=\"(max-width: 400px) 100vw, 400px\" \/>\t\t\t\t\t\t\t\t<\/a>\n\t\t\t\t\t\t\t\t\t\t\t\t\t\t\t<\/div>\n\t\t\t\t<\/div>\n\t\t\t\t\t<\/div>\n\t\t<\/div>\n\t\t\t\t<div class=\"elementor-column elementor-col-25 elementor-top-column elementor-element elementor-element-2d6e7477\" data-id=\"2d6e7477\" data-element_type=\"column\">\n\t\t\t<div class=\"elementor-widget-wrap elementor-element-populated\">\n\t\t\t\t\t\t\t\t<div class=\"elementor-element elementor-element-24b8b534 elementor-widget elementor-widget-image\" data-id=\"24b8b534\" data-element_type=\"widget\" data-widget_type=\"image.default\">\n\t\t\t\t<div class=\"elementor-widget-container\">\n\t\t\t\t\t\t\t\t\t\t\t\t\t\t\t\t<a href=\"https:\/\/alpesetlac.ch\/\" target=\"_blank\">\n\t\t\t\t\t\t\t<img decoding=\"async\" width=\"400\" height=\"250\" src=\"https:\/\/hotelarnold.ch\/wp-content\/uploads\/sites\/6\/2024\/11\/Logo_AL-1.png\" class=\"attachment-large size-large wp-image-7487\" alt=\"\" loading=\"lazy\" srcset=\"https:\/\/hotelarnold.ch\/wp-content\/uploads\/sites\/6\/2024\/11\/Logo_AL-1.png 400w, https:\/\/hotelarnold.ch\/wp-content\/uploads\/sites\/6\/2024\/11\/Logo_AL-1-300x188.png 300w\" sizes=\"(max-width: 400px) 100vw, 400px\" \/>\t\t\t\t\t\t\t\t<\/a>\n\t\t\t\t\t\t\t\t\t\t\t\t\t\t\t<\/div>\n\t\t\t\t<\/div>\n\t\t\t\t\t<\/div>\n\t\t<\/div>\n\t\t\t\t<div class=\"elementor-column elementor-col-25 elementor-top-column elementor-element elementor-element-701d4be\" data-id=\"701d4be\" data-element_type=\"column\">\n\t\t\t<div class=\"elementor-widget-wrap elementor-element-populated\">\n\t\t\t\t\t\t\t\t<div class=\"elementor-element elementor-element-73b7a750 elementor-widget elementor-widget-image\" data-id=\"73b7a750\" data-element_type=\"widget\" data-widget_type=\"image.default\">\n\t\t\t\t<div class=\"elementor-widget-container\">\n\t\t\t\t\t\t\t\t\t\t\t\t\t\t\t\t<a href=\"https:\/\/laterrasse-restaurant.ch\/\" target=\"_blank\">\n\t\t\t\t\t\t\t<img decoding=\"async\" width=\"400\" height=\"250\" src=\"https:\/\/hotelarnold.ch\/wp-content\/uploads\/sites\/6\/2024\/11\/Logo_LaTerrasse.png\" class=\"attachment-large size-large wp-image-7484\" alt=\"\" loading=\"lazy\" srcset=\"https:\/\/hotelarnold.ch\/wp-content\/uploads\/sites\/6\/2024\/11\/Logo_LaTerrasse.png 400w, https:\/\/hotelarnold.ch\/wp-content\/uploads\/sites\/6\/2024\/11\/Logo_LaTerrasse-300x188.png 300w\" sizes=\"(max-width: 400px) 100vw, 400px\" \/>\t\t\t\t\t\t\t\t<\/a>\n\t\t\t\t\t\t\t\t\t\t\t\t\t\t\t<\/div>\n\t\t\t\t<\/div>\n\t\t\t\t\t<\/div>\n\t\t<\/div>\n\t\t\t\t<div class=\"elementor-column elementor-col-25 elementor-top-column elementor-element elementor-element-1f7c0f3c\" data-id=\"1f7c0f3c\" data-element_type=\"column\">\n\t\t\t<div class=\"elementor-widget-wrap elementor-element-populated\">\n\t\t\t\t\t\t\t\t<div class=\"elementor-element elementor-element-6ba3ad24 elementor-widget elementor-widget-image\" data-id=\"6ba3ad24\" data-element_type=\"widget\" data-widget_type=\"image.default\">\n\t\t\t\t<div class=\"elementor-widget-container\">\n\t\t\t\t\t\t\t\t\t\t\t\t\t\t\t\t<a href=\"https:\/\/lebart.ch\/fr\/\" target=\"_blank\">\n\t\t\t\t\t\t\t<img decoding=\"async\" width=\"400\" height=\"250\" src=\"https:\/\/hotelarnold.ch\/wp-content\/uploads\/sites\/6\/2024\/11\/Logo_BArt.png\" class=\"attachment-large size-large wp-image-7493\" alt=\"\" loading=\"lazy\" srcset=\"https:\/\/hotelarnold.ch\/wp-content\/uploads\/sites\/6\/2024\/11\/Logo_BArt.png 400w, https:\/\/hotelarnold.ch\/wp-content\/uploads\/sites\/6\/2024\/11\/Logo_BArt-300x188.png 300w\" sizes=\"(max-width: 400px) 100vw, 400px\" \/>\t\t\t\t\t\t\t\t<\/a>\n\t\t\t\t\t\t\t\t\t\t\t\t\t\t\t<\/div>\n\t\t\t\t<\/div>\n\t\t\t\t\t<\/div>\n\t\t<\/div>\n\t\t\t\t\t\t\t<\/div>\n\t\t<\/section>\n\t\t\t\t\t\t\t<\/div>\n\t\t","protected":false},"excerpt":{"rendered":"<p>Kontakt Email contact@hotelarnold.ch Adresse Rue J.-L. Pourtal\u00e8s 4 2000 Neuch\u00e2tel Einreise : Mit dem Auto: In der N\u00e4he befinden sich kostenpflichtige wei\u00dfe Zonen, die jedoch kein Langzeitparken erlauben (max. 2 Stunden, kostenlos von 21:00 bis 07:00 Uhr). Die Tiefgarage des Hafens ist 5 Minuten zu Fu\u00df entfernt. Mit dem Zug: Das Hotel ist 5 Minuten [&hellip;]<\/p>\n","protected":false},"author":1,"featured_media":0,"parent":0,"menu_order":0,"comment_status":"closed","ping_status":"closed","template":"page-templates\/home.php","meta":[],"acf":[],"_links":{"self":[{"href":"https:\/\/hotelarnold.ch\/de\/wp-json\/wp\/v2\/pages\/8309"}],"collection":[{"href":"https:\/\/hotelarnold.ch\/de\/wp-json\/wp\/v2\/pages"}],"about":[{"href":"https:\/\/hotelarnold.ch\/de\/wp-json\/wp\/v2\/types\/page"}],"author":[{"embeddable":true,"href":"https:\/\/hotelarnold.ch\/de\/wp-json\/wp\/v2\/users\/1"}],"replies":[{"embeddable":true,"href":"https:\/\/hotelarnold.ch\/de\/wp-json\/wp\/v2\/comments?post=8309"}],"version-history":[{"count":16,"href":"https:\/\/hotelarnold.ch\/de\/wp-json\/wp\/v2\/pages\/8309\/revisions"}],"predecessor-version":[{"id":8962,"href":"https:\/\/hotelarnold.ch\/de\/wp-json\/wp\/v2\/pages\/8309\/revisions\/8962"}],"wp:attachment":[{"href":"https:\/\/hotelarnold.ch\/de\/wp-json\/wp\/v2\/media?parent=8309"}],"curies":[{"name":"wp","href":"https:\/\/api.w.org\/{rel}","templated":true}]}}