{"id":8384,"date":"2023-06-21T07:58:39","date_gmt":"2023-06-21T05:58:39","guid":{"rendered":"https:\/\/hotelarnold.ch\/winter-activities\/"},"modified":"2025-12-08T13:58:34","modified_gmt":"2025-12-08T12:58:34","slug":"winter-activities","status":"publish","type":"page","link":"https:\/\/hotelarnold.ch\/en\/winter-activities\/","title":{"rendered":"Winter activities"},"content":{"rendered":"\t\t<div data-elementor-type=\"wp-page\" data-elementor-id=\"8384\" class=\"elementor elementor-8384 elementor-4984\">\n\t\t\t\t\t\t\t\t\t<section class=\"elementor-section elementor-top-section elementor-element elementor-element-a99e0a2 elementor-section-full_width elementor-section-height-default elementor-section-height-default\" data-id=\"a99e0a2\" data-element_type=\"section\">\n\t\t\t\t\t\t<div class=\"elementor-container elementor-column-gap-no\">\n\t\t\t\t\t<div class=\"elementor-column elementor-col-100 elementor-top-column elementor-element elementor-element-d5c0f19\" data-id=\"d5c0f19\" data-element_type=\"column\">\n\t\t\t<div class=\"elementor-widget-wrap elementor-element-populated\">\n\t\t\t\t\t\t\t\t<div class=\"elementor-element elementor-element-5ff130e elementor-widget elementor-widget-image\" data-id=\"5ff130e\" data-element_type=\"widget\" data-widget_type=\"image.default\">\n\t\t\t\t<div class=\"elementor-widget-container\">\n\t\t\t<style>\/*! elementor - v3.9.1 - 14-12-2022 *\/\n.elementor-widget-image{text-align:center}.elementor-widget-image a{display:inline-block}.elementor-widget-image a img[src$=\".svg\"]{width:48px}.elementor-widget-image img{vertical-align:middle;display:inline-block}<\/style>\t\t\t\t\t\t\t\t\t\t\t\t<img decoding=\"async\" src=\"https:\/\/alpesetlac.ch\/wp-content\/uploads\/2023\/06\/AL-Banner-site-1-4.jpg\" title=\"\" alt=\"\" \/>\t\t\t\t\t\t\t\t\t\t\t\t\t\t\t<\/div>\n\t\t\t\t<\/div>\n\t\t\t\t\t<\/div>\n\t\t<\/div>\n\t\t\t\t\t\t\t<\/div>\n\t\t<\/section>\n\t\t\t\t<section class=\"elementor-section elementor-top-section elementor-element elementor-element-9eb0c3d section-padding-top elementor-section-boxed elementor-section-height-default elementor-section-height-default\" data-id=\"9eb0c3d\" data-element_type=\"section\">\n\t\t\t\t\t\t<div class=\"elementor-container elementor-column-gap-default\">\n\t\t\t\t\t<div class=\"elementor-column elementor-col-100 elementor-top-column elementor-element elementor-element-3d0ddbf\" data-id=\"3d0ddbf\" data-element_type=\"column\">\n\t\t\t<div class=\"elementor-widget-wrap\">\n\t\t\t\t\t\t\t\t\t<\/div>\n\t\t<\/div>\n\t\t\t\t\t\t\t<\/div>\n\t\t<\/section>\n\t\t\t\t<section class=\"elementor-section elementor-top-section elementor-element elementor-element-4350f81 elementor-section-boxed elementor-section-height-default elementor-section-height-default\" data-id=\"4350f81\" data-element_type=\"section\">\n\t\t\t\t\t\t<div class=\"elementor-container elementor-column-gap-default\">\n\t\t\t\t\t<div class=\"elementor-column elementor-col-100 elementor-top-column elementor-element elementor-element-efbdc97\" data-id=\"efbdc97\" data-element_type=\"column\">\n\t\t\t<div class=\"elementor-widget-wrap elementor-element-populated\">\n\t\t\t\t\t\t\t\t<div class=\"elementor-element elementor-element-bc7461f section-subtitle elementor-widget elementor-widget-heading\" data-id=\"bc7461f\" data-element_type=\"widget\" data-widget_type=\"heading.default\">\n\t\t\t\t<div class=\"elementor-widget-container\">\n\t\t\t<style>\/*! elementor - v3.9.1 - 14-12-2022 *\/\n.elementor-heading-title{padding:0;margin:0;line-height:1}.elementor-widget-heading .elementor-heading-title[class*=elementor-size-]>a{color:inherit;font-size:inherit;line-height:inherit}.elementor-widget-heading .elementor-heading-title.elementor-size-small{font-size:15px}.elementor-widget-heading .elementor-heading-title.elementor-size-medium{font-size:19px}.elementor-widget-heading .elementor-heading-title.elementor-size-large{font-size:29px}.elementor-widget-heading .elementor-heading-title.elementor-size-xl{font-size:39px}.elementor-widget-heading .elementor-heading-title.elementor-size-xxl{font-size:59px}<\/style><h2 class=\"elementor-heading-title elementor-size-default\">Relaxation &amp; Escape<\/h2>\t\t<\/div>\n\t\t\t\t<\/div>\n\t\t\t\t<div class=\"elementor-element elementor-element-825fd40 elementor-widget elementor-widget-heading\" data-id=\"825fd40\" data-element_type=\"widget\" data-widget_type=\"heading.default\">\n\t\t\t\t<div class=\"elementor-widget-container\">\n\t\t\t<h2 class=\"elementor-heading-title elementor-size-default\">Winter activities<\/h2>\t\t<\/div>\n\t\t\t\t<\/div>\n\t\t\t\t<div class=\"elementor-element elementor-element-1560d49 elementor-widget elementor-widget-text-editor\" data-id=\"1560d49\" data-element_type=\"widget\" data-widget_type=\"text-editor.default\">\n\t\t\t\t<div class=\"elementor-widget-container\">\n\t\t\t<style>\/*! elementor - v3.9.1 - 14-12-2022 *\/\n.elementor-widget-text-editor.elementor-drop-cap-view-stacked .elementor-drop-cap{background-color:#818a91;color:#fff}.elementor-widget-text-editor.elementor-drop-cap-view-framed .elementor-drop-cap{color:#818a91;border:3px solid;background-color:transparent}.elementor-widget-text-editor:not(.elementor-drop-cap-view-default) .elementor-drop-cap{margin-top:8px}.elementor-widget-text-editor:not(.elementor-drop-cap-view-default) .elementor-drop-cap-letter{width:1em;height:1em}.elementor-widget-text-editor .elementor-drop-cap{float:left;text-align:center;line-height:1;font-size:50px}.elementor-widget-text-editor .elementor-drop-cap-letter{display:inline-block}<\/style>\t\t\t\t<p>This winter, discover the Canton of Neuch\u00e2tel.<br \/>Here are some ideas for activities to do as a couple, with family or friends while you\u2019re in our beautiful region.<\/p><p>Thanks to the Neuch\u00e2tel Tourist Card, you can travel free of charge on public transport throughout the canton. You also get free admission to 31 museums and many other activities: <a href=\"https:\/\/www.j3l.ch\/en\/Z10779\/neuchatel-tourist-card\"><u>plus d&#8217;informations<\/u><\/a><\/p><p>Do you have any questions? Our team will be happy to help you make the most of your stay!<\/p>\t\t\t\t\t\t<\/div>\n\t\t\t\t<\/div>\n\t\t\t\t\t<\/div>\n\t\t<\/div>\n\t\t\t\t\t\t\t<\/div>\n\t\t<\/section>\n\t\t\t\t<section class=\"elementor-section elementor-top-section elementor-element elementor-element-7445e3f elementor-section-boxed elementor-section-height-default elementor-section-height-default\" data-id=\"7445e3f\" data-element_type=\"section\">\n\t\t\t\t\t\t<div class=\"elementor-container elementor-column-gap-default\">\n\t\t\t\t\t<div class=\"elementor-column elementor-col-100 elementor-top-column elementor-element elementor-element-9b64659\" data-id=\"9b64659\" data-element_type=\"column\">\n\t\t\t<div class=\"elementor-widget-wrap elementor-element-populated\">\n\t\t\t\t\t\t\t\t<div class=\"elementor-element elementor-element-5b4018c elementor-widget elementor-widget-shortcode\" data-id=\"5b4018c\" data-element_type=\"widget\" data-widget_type=\"shortcode.default\">\n\t\t\t\t<div class=\"elementor-widget-container\">\n\t\t\t\t\t<div class=\"elementor-shortcode\"><div class=\"query query-activit\u00e9s_hivernales-wrapper row\">\n\t<div class=\"query-wrapper-content\">\n\t\t\n\t\t\n\t\t<div class=\"query-content\">\n\t\t\t<div class=\"query-unformatted query-activit\u00e9s_hivernales\">\n\t\n\t\t<div class=\"query-row query-row-even query-row-0 query-row-first\">\n\t\t\t\n\t\t\t\t\t\t\t\t\t\t\t\t\t\t\t<div class=\"query-field query-field-featured_image\">\n\t\t\t\t\t\t\t<a class=\"query-field-link\" href=\"https:\/\/hotelarnold.ch\/en\/2023\/06\/21\/skiing-snowshoeing-and-hiking\/\"><img width=\"900\" height=\"600\" src=\"https:\/\/hotelarnold.ch\/wp-content\/uploads\/sites\/6\/2023\/06\/Ski-de-fond-1024x683.jpeg\" class=\"attachment-large size-large\" alt=\"\" decoding=\"async\" loading=\"lazy\" srcset=\"https:\/\/hotelarnold.ch\/wp-content\/uploads\/sites\/6\/2023\/06\/Ski-de-fond-1024x683.jpeg 1024w, https:\/\/hotelarnold.ch\/wp-content\/uploads\/sites\/6\/2023\/06\/Ski-de-fond-300x200.jpeg 300w, https:\/\/hotelarnold.ch\/wp-content\/uploads\/sites\/6\/2023\/06\/Ski-de-fond-768x512.jpeg 768w, https:\/\/hotelarnold.ch\/wp-content\/uploads\/sites\/6\/2023\/06\/Ski-de-fond-1536x1024.jpeg 1536w, https:\/\/hotelarnold.ch\/wp-content\/uploads\/sites\/6\/2023\/06\/Ski-de-fond-2048x1365.jpeg 2048w\" sizes=\"(max-width: 900px) 100vw, 900px\" \/><\/a>\t\t\t\t\t\t<\/div>\n\t\t\t\t\t\t\t\t\t\t\t\t\t\t\t\t\t\t\t\t<div class=\"query-field query-field-post_title\">\n\t\t\t\t\t\t\t<a class=\"query-field-link\" href=\"https:\/\/hotelarnold.ch\/en\/2023\/06\/21\/skiing-snowshoeing-and-hiking\/\">Skiing, snowshoeing and hiking<\/a>\t\t\t\t\t\t<\/div>\n\t\t\t\t\t\t\t\t\t\n\t\t\t\t\t<\/div>\n\n\t\n\t\t<div class=\"query-row query-row-odd query-row-1\">\n\t\t\t\n\t\t\t\t\t\t\t\t\t\t\t\t\t\t\t<div class=\"query-field query-field-featured_image\">\n\t\t\t\t\t\t\t<a class=\"query-field-link\" href=\"https:\/\/hotelarnold.ch\/en\/2023\/06\/21\/outdoor-family-fun\/\"><img width=\"750\" height=\"500\" src=\"https:\/\/hotelarnold.ch\/wp-content\/uploads\/sites\/6\/2023\/06\/Fun_hiver_750x500.png\" class=\"attachment-large size-large\" alt=\"\" decoding=\"async\" loading=\"lazy\" srcset=\"https:\/\/hotelarnold.ch\/wp-content\/uploads\/sites\/6\/2023\/06\/Fun_hiver_750x500.png 750w, https:\/\/hotelarnold.ch\/wp-content\/uploads\/sites\/6\/2023\/06\/Fun_hiver_750x500-300x200.png 300w\" sizes=\"(max-width: 750px) 100vw, 750px\" \/><\/a>\t\t\t\t\t\t<\/div>\n\t\t\t\t\t\t\t\t\t\t\t\t\t\t\t\t\t\t\t\t<div class=\"query-field query-field-post_title\">\n\t\t\t\t\t\t\t<a class=\"query-field-link\" href=\"https:\/\/hotelarnold.ch\/en\/2023\/06\/21\/outdoor-family-fun\/\">Outdoor family fun<\/a>\t\t\t\t\t\t<\/div>\n\t\t\t\t\t\t\t\t\t\n\t\t\t\t\t<\/div>\n\n\t\n\t\t<div class=\"query-row query-row-even query-row-2\">\n\t\t\t\n\t\t\t\t\t\t\t\t\t\t\t\t\t\t\t<div class=\"query-field query-field-featured_image\">\n\t\t\t\t\t\t\t<a class=\"query-field-link\" href=\"https:\/\/hotelarnold.ch\/en\/2023\/06\/23\/bad_weather_activities\/\"><img width=\"900\" height=\"599\" src=\"https:\/\/hotelarnold.ch\/wp-content\/uploads\/sites\/6\/2023\/06\/Patinoire-1024x682.jpg\" class=\"attachment-large size-large\" alt=\"\" decoding=\"async\" loading=\"lazy\" srcset=\"https:\/\/hotelarnold.ch\/wp-content\/uploads\/sites\/6\/2023\/06\/Patinoire-1024x682.jpg 1024w, https:\/\/hotelarnold.ch\/wp-content\/uploads\/sites\/6\/2023\/06\/Patinoire-300x200.jpg 300w, https:\/\/hotelarnold.ch\/wp-content\/uploads\/sites\/6\/2023\/06\/Patinoire-768x512.jpg 768w, https:\/\/hotelarnold.ch\/wp-content\/uploads\/sites\/6\/2023\/06\/Patinoire-1536x1024.jpg 1536w, https:\/\/hotelarnold.ch\/wp-content\/uploads\/sites\/6\/2023\/06\/Patinoire-2048x1365.jpg 2048w\" sizes=\"(max-width: 900px) 100vw, 900px\" \/><\/a>\t\t\t\t\t\t<\/div>\n\t\t\t\t\t\t\t\t\t\t\t\t\t\t\t\t\t\t\t\t<div class=\"query-field query-field-post_title\">\n\t\t\t\t\t\t\t<a class=\"query-field-link\" href=\"https:\/\/hotelarnold.ch\/en\/2023\/06\/23\/bad_weather_activities\/\">Family activities in bad weather<\/a>\t\t\t\t\t\t<\/div>\n\t\t\t\t\t\t\t\t\t\n\t\t\t\t\t<\/div>\n\n\t\n\t\t<div class=\"query-row query-row-odd query-row-3 query-row-last\">\n\t\t\t\n\t\t\t\t\t\t\t\t\t\t\t\t\t\t\t<div class=\"query-field query-field-featured_image\">\n\t\t\t\t\t\t\t<a class=\"query-field-link\" href=\"https:\/\/hotelarnold.ch\/en\/2023\/06\/23\/cultural-activities\/\"><img width=\"750\" height=\"500\" src=\"https:\/\/hotelarnold.ch\/wp-content\/uploads\/sites\/6\/2023\/06\/Culture_750x500.png\" class=\"attachment-large size-large\" alt=\"\" decoding=\"async\" loading=\"lazy\" srcset=\"https:\/\/hotelarnold.ch\/wp-content\/uploads\/sites\/6\/2023\/06\/Culture_750x500.png 750w, https:\/\/hotelarnold.ch\/wp-content\/uploads\/sites\/6\/2023\/06\/Culture_750x500-300x200.png 300w\" sizes=\"(max-width: 750px) 100vw, 750px\" \/><\/a>\t\t\t\t\t\t<\/div>\n\t\t\t\t\t\t\t\t\t\t\t\t\t\t\t\t\t\t\t\t<div class=\"query-field query-field-post_title\">\n\t\t\t\t\t\t\t<a class=\"query-field-link\" href=\"https:\/\/hotelarnold.ch\/en\/2023\/06\/23\/cultural-activities\/\">Cultural activities<\/a>\t\t\t\t\t\t<\/div>\n\t\t\t\t\t\t\t\t\t\n\t\t\t\t\t<\/div>\n\n\t<\/div>\t\t\t\t\t<\/div>\n\n\t\t\t<\/div>\n<\/div><\/div>\n\t\t\t\t<\/div>\n\t\t\t\t<\/div>\n\t\t\t\t\t<\/div>\n\t\t<\/div>\n\t\t\t\t\t\t\t<\/div>\n\t\t<\/section>\n\t\t\t\t<section class=\"elementor-section elementor-top-section elementor-element elementor-element-b0ec1fd elementor-section-full_width elementor-section-height-default elementor-section-height-default\" data-id=\"b0ec1fd\" data-element_type=\"section\">\n\t\t\t\t\t\t<div class=\"elementor-container elementor-column-gap-default\">\n\t\t\t\t\t<div class=\"elementor-column elementor-col-100 elementor-top-column elementor-element elementor-element-c5823f2\" data-id=\"c5823f2\" data-element_type=\"column\">\n\t\t\t<div class=\"elementor-widget-wrap elementor-element-populated\">\n\t\t\t\t\t\t\t\t<div class=\"elementor-element elementor-element-63c0faf elementor-align-center elementor-widget elementor-widget-home-video\" data-id=\"63c0faf\" data-element_type=\"widget\" data-widget_type=\"home-video.default\">\n\t\t\t\t<div class=\"elementor-widget-container\">\n\t\t\t\r\n\t\t\t\t<section class=\"video-wrapper video section-padding bg-img bg-fixed\" data-overlay-dark=\"3\" data-background=\"https:\/\/alpesetlac.ch\/wp-content\/uploads\/2023\/06\/AL-Banner-site-1-5.jpg\">\r\n\t\t\t\t\t<h2 style=\"display: none!important;\">The Cappa<\/h2>\r\n\t\t\t<div class=\"container\">\r\n\t\t\t\t<div class=\"row\">\r\n\t\t\t\t\t<div class=\"col-md-8 offset-md-2 text-center\">\r\n\t\t\t\t\t\t<span><i class=\"star-rating\"><\/i><i class=\"star-rating\"><\/i><i class=\"star-rating\"><\/i><i class=\"star-rating\"><\/i><i class=\"star-rating\"><\/i><\/span>\r\n\t\t\t\t\t\t\t\t\t\t\t\t<div class=\"section-subtitle\"><span>It is Sub Heading<\/span><\/div>\r\n\t\t\t\t\t\t\t\t\t\t\t\t\t\t\t\t\t\t<div class=\"section-title\"><span>It is Heading<\/span><\/div>\r\n\t\t\t\t\t\t\t\t\t\t\t<\/div>\r\n\t\t\t\t<\/div>\r\n\t\t\t\t<div class=\"row\">\r\n\t\t\t\t\t\t\t\t\t\t\t<div class=\"text-center col-md-12\">\r\n\t\t\t\t\t\t\t<a class=\"vid\" href=\"It is Video Link\">\r\n\t\t\t\t\t\t\t\t<div class=\"vid-butn\">\r\n\t\t\t\t\t\t\t\t\t<span class=\"icon\">\r\n\t\t\t\t\t\t\t\t\t\t<i class=\"ti-control-play\"><\/i>\r\n\t\t\t\t\t\t\t\t\t<\/span>\r\n\t\t\t\t\t\t\t\t<\/div>\r\n\t\t\t\t\t\t\t<\/a>\r\n\t\t\t\t\t\t<\/div>\r\n\t\t\t\t\t\t\t\t\t<\/div>\r\n\t\t\t<\/div>\r\n\t\t<\/section>\r\n\r\n\t\t\t<\/div>\n\t\t\t\t<\/div>\n\t\t\t\t\t<\/div>\n\t\t<\/div>\n\t\t\t\t\t\t\t<\/div>\n\t\t<\/section>\n\t\t\t\t<section class=\"elementor-section elementor-top-section elementor-element elementor-element-743d8916 elementor-section-full_width elementor-section-height-default elementor-section-height-default\" data-id=\"743d8916\" data-element_type=\"section\">\n\t\t\t\t\t\t<div class=\"elementor-container elementor-column-gap-no\">\n\t\t\t\t\t<div class=\"elementor-column elementor-col-100 elementor-top-column elementor-element elementor-element-72279937\" data-id=\"72279937\" data-element_type=\"column\">\n\t\t\t<div class=\"elementor-widget-wrap elementor-element-populated\">\n\t\t\t\t\t\t\t\t<div class=\"elementor-element elementor-element-73a7aeeb elementor-align-left elementor-widget elementor-widget-home-client\" data-id=\"73a7aeeb\" data-element_type=\"widget\" data-widget_type=\"home-client.default\">\n\t\t\t\t<div class=\"elementor-widget-container\">\n\t\t\t\r\n\t\t<section class=\"clients\">\r\n\t\t\t<h2 style=\"display: none!important;\">The Cappa<\/h2>\r\n\t\t\t<div class=\"container\">\r\n\t\t\t\t<div class=\"row\">\r\n\t\t\t\t\t<div class=\"col-md-7\">\r\n\t\t\t\t\t\t<br>\r\n\t\t\t\t\t\t\t\t\t\t\t<div class=\"section-title\">Nos \u00e9tablissements \u00e0 Neuch\u00e2tel<\/div>\r\n\t\t\t\t\t\t\t\t\t\t\t<\/div>\r\n\t\t\t\t\t<!-- owl-carousel owl-theme -->\r\n\t\t\t\t\t<div class=\"col-md-7 \">\r\n\t\t\t\t\t\t<div class=\"row\">\r\n\t\t\t\t\t\t\t\t\t\t\t\t\t<div class=\"clients-logo col-md-4\">\r\n\t\t\t\t\t\t\t\t<a href=\"#0\"><img decoding=\"async\" src=\"https:\/\/alpesetlac.ch\/wp-content\/uploads\/2023\/06\/Logo_Arts.png\" alt=\"\"><\/a>\r\n\t\t\t\t\t\t\t<\/div>\r\n\t\t\t\t\t\t\t\t\t\t\t\t\t<div class=\"clients-logo col-md-4\">\r\n\t\t\t\t\t\t\t\t<a href=\"#0\"><img decoding=\"async\" src=\"http:\/\/hotelarnold.ch\/wp-content\/uploads\/sites\/6\/2024\/11\/Logo_AL-1.png\" alt=\"\"><\/a>\r\n\t\t\t\t\t\t\t<\/div>\r\n\t\t\t\t\t\t\t\t\t\t\t\t\t<div class=\"clients-logo col-md-4\">\r\n\t\t\t\t\t\t\t\t<a href=\"#0\"><img decoding=\"async\" src=\"https:\/\/alpesetlac.ch\/wp-content\/uploads\/2023\/06\/Logo_LaTerrasse.png\" alt=\"\"><\/a>\r\n\t\t\t\t\t\t\t<\/div>\r\n\t\t\t\t\t\t\t\t\t\t\t\t\t<div class=\"clients-logo col-md-4\">\r\n\t\t\t\t\t\t\t\t<a href=\"#0\"><img decoding=\"async\" src=\"https:\/\/alpesetlac.ch\/wp-content\/uploads\/2023\/06\/Logo_BArt.png\" alt=\"\"><\/a>\r\n\t\t\t\t\t\t\t<\/div>\r\n\t\t\t\t\t\t\t\t\t\t\t<\/div>\r\n\t\t\t\t<\/div>\r\n\t\t\t\t<\/div>\r\n\t\t\t<\/div>\r\n\t\t<\/section>\r\n\r\n\t\t\t<\/div>\n\t\t\t\t<\/div>\n\t\t\t\t\t<\/div>\n\t\t<\/div>\n\t\t\t\t\t\t\t<\/div>\n\t\t<\/section>\n\t\t\t\t\t\t\t<\/div>\n\t\t","protected":false},"excerpt":{"rendered":"<p>Relaxation &amp; Escape Winter activities This winter, discover the Canton of Neuch\u00e2tel.Here are some ideas for activities to do as a couple, with family or friends while you\u2019re in our beautiful region.Thanks to the Neuch\u00e2tel Tourist Card, you can travel free of charge on public transport throughout the canton. You also get free admission to [&hellip;]<\/p>\n","protected":false},"author":2,"featured_media":0,"parent":0,"menu_order":0,"comment_status":"closed","ping_status":"closed","template":"page-templates\/home.php","meta":[],"acf":[],"_links":{"self":[{"href":"https:\/\/hotelarnold.ch\/en\/wp-json\/wp\/v2\/pages\/8384"}],"collection":[{"href":"https:\/\/hotelarnold.ch\/en\/wp-json\/wp\/v2\/pages"}],"about":[{"href":"https:\/\/hotelarnold.ch\/en\/wp-json\/wp\/v2\/types\/page"}],"author":[{"embeddable":true,"href":"https:\/\/hotelarnold.ch\/en\/wp-json\/wp\/v2\/users\/2"}],"replies":[{"embeddable":true,"href":"https:\/\/hotelarnold.ch\/en\/wp-json\/wp\/v2\/comments?post=8384"}],"version-history":[{"count":4,"href":"https:\/\/hotelarnold.ch\/en\/wp-json\/wp\/v2\/pages\/8384\/revisions"}],"predecessor-version":[{"id":8942,"href":"https:\/\/hotelarnold.ch\/en\/wp-json\/wp\/v2\/pages\/8384\/revisions\/8942"}],"wp:attachment":[{"href":"https:\/\/hotelarnold.ch\/en\/wp-json\/wp\/v2\/media?parent=8384"}],"curies":[{"name":"wp","href":"https:\/\/api.w.org\/{rel}","templated":true}]}}